{"id":8,"date":"2015-08-22T19:18:20","date_gmt":"2015-08-22T17:18:20","guid":{"rendered":"http:\/\/www.scw.no\/wordpress\/?page_id=8"},"modified":"2015-08-22T20:30:49","modified_gmt":"2015-08-22T18:30:49","slug":"om-oss","status":"publish","type":"page","link":"https:\/\/scw.no\/?page_id=8","title":{"rendered":"Om oss"},"content":{"rendered":"<p>Scandinavian Wheel er et selskap som har drevet med import fra Kina siden 2003. Vi har spesialisert oss p\u00e5 import av dekk og felg til bil, buss, last og anleggsmaskiner. V\u00e5r forretningsid\u00e9 er \u00e5 kutte alle mellomledd mellom produsent og sluttbruker. P\u00e5 denne m\u00e5ten kan vi tilby dekk og felger til vesentlig lavere priser.<\/p>\n<p>V\u00e5rt kontor i Shanghai har daglig oppf\u00f8lging med produsentene og gjennomf\u00f8rer kvalitetskontroller. S\u00e5ledes er vi sikret gode kvalitetsprodukter.<\/p>\n<p>Lagerf\u00f8rte varer befinner seg i Larvik.<\/p>\n","protected":false},"excerpt":{"rendered":"<p>Scandinavian Wheel er et selskap som har drevet med import fra Kina siden 2003. Vi har spesialisert oss p\u00e5 import av dekk og felg til bil, buss, last og anleggsmaskiner. V\u00e5r forretningsid\u00e9 er \u00e5 kutte alle mellomledd mellom produsent og sluttbruker. P\u00e5 denne m\u00e5ten kan vi tilby dekk og felger til vesentlig lavere priser. V\u00e5rt &hellip; <a href=\"https:\/\/scw.no\/?page_id=8\" class=\"more-link\">Fortsett \u00e5 lese <span class=\"screen-reader-text\">Om oss<\/span> <span class=\"meta-nav\">&rarr;<\/span><\/a><\/p>\n","protected":false},"author":1,"featured_media":0,"parent":0,"menu_order":2,"comment_status":"closed","ping_status":"closed","template":"","meta":{"footnotes":""},"class_list":["post-8","page","type-page","status-publish","hentry"],"_links":{"self":[{"href":"https:\/\/scw.no\/index.php?rest_route=\/wp\/v2\/pages\/8","targetHints":{"allow":["GET"]}}],"collection":[{"href":"https:\/\/scw.no\/index.php?rest_route=\/wp\/v2\/pages"}],"about":[{"href":"https:\/\/scw.no\/index.php?rest_route=\/wp\/v2\/types\/page"}],"author":[{"embeddable":true,"href":"https:\/\/scw.no\/index.php?rest_route=\/wp\/v2\/users\/1"}],"replies":[{"embeddable":true,"href":"https:\/\/scw.no\/index.php?rest_route=%2Fwp%2Fv2%2Fcomments&post=8"}],"version-history":[{"count":1,"href":"https:\/\/scw.no\/index.php?rest_route=\/wp\/v2\/pages\/8\/revisions"}],"predecessor-version":[{"id":9,"href":"https:\/\/scw.no\/index.php?rest_route=\/wp\/v2\/pages\/8\/revisions\/9"}],"wp:attachment":[{"href":"https:\/\/scw.no\/index.php?rest_route=%2Fwp%2Fv2%2Fmedia&parent=8"}],"curies":[{"name":"wp","href":"https:\/\/api.w.org\/{rel}","templated":true}]}}